{"id":1738,"date":"2026-01-30T16:08:28","date_gmt":"2026-01-30T20:08:28","guid":{"rendered":"https:\/\/inac.edu.bo\/wordpress\/?page_id=1738"},"modified":"2026-02-23T11:04:17","modified_gmt":"2026-02-23T15:04:17","slug":"requisitos-inscripcion","status":"publish","type":"page","link":"https:\/\/inac.edu.bo\/wordpress\/index.php\/requisitos-inscripcion\/","title":{"rendered":"Guia Ingreso"},"content":{"rendered":"\n<div class=\"wp-block-stackable-columns alignfull stk-block-columns stk-block stk-7e7d25a stk-block-background stk--has-background-overlay\" data-block-id=\"7e7d25a\"><style>.stk-7e7d25a {background-image:url(https:\/\/inac.edu.bo\/wordpress\/wp-content\/uploads\/2025\/07\/AIS-01.jpg) !important;min-height:400px !important;align-items:center !important;padding-top:var(--stk--preset--spacing--70, 3.38rem) !important;padding-right:var(--stk--preset--spacing--70, 3.38rem) !important;padding-bottom:var(--stk--preset--spacing--70, 3.38rem) !important;padding-left:var(--stk--preset--spacing--70, 3.38rem) !important;margin-bottom:0px !important;display:flex !important;}.stk-7e7d25a:before{background-color:#000000 !important;opacity:0.5 !important;}<\/style><div class=\"stk-row stk-inner-blocks stk-block-content stk-content-align stk-7e7d25a-column\">\n<div class=\"wp-block-stackable-column stk-block-column stk-column stk-block stk-177108c\" data-v=\"4\" data-block-id=\"177108c\"><div class=\"stk-column-wrapper stk-block-column__content stk-container stk-177108c-container stk--no-background stk--no-padding\"><div class=\"stk-block-content stk-inner-blocks stk-177108c-inner-blocks\">\n<div class=\"wp-block-stackable-heading stk-block-heading stk-block-heading--v2 stk-block stk-01558e0\" id=\"heading-placeholder\" data-block-id=\"01558e0\"><style>.stk-01558e0 .stk-block-heading__text{color:#ffffff !important;}<\/style><h2 class=\"stk-block-heading__text has-text-color\">Gu\u00eda de Ingreso INAC 2026<\/h2><\/div>\n\n\n\n<div class=\"wp-block-stackable-text stk-block-text stk-block stk-d094f50\" data-block-id=\"d094f50\"><style>.stk-d094f50 .stk-block-text__text{color:#ffffff !important;}<\/style><p class=\"stk-block-text__text has-text-color\">CARRERAS Y CURSOS<\/p><\/div>\n<\/div><\/div><\/div>\n<\/div><\/div>\n\n\n\n<div class=\"wp-block-stackable-columns stk-block-columns stk-block stk-2b684e5\" data-block-id=\"2b684e5\"><style>.stk-2b684e5 {margin-top:var(--stk--preset--spacing--70, 3.38rem) !important;margin-bottom:var(--stk--preset--spacing--70, 3.38rem) !important;}.stk-2b684e5-column{flex-wrap:wrap !important;--stk-flex-grow:0 !important;}<\/style><div class=\"stk-row stk-inner-blocks stk-block-content stk-content-align stk-2b684e5-column alignfull\">\n<div class=\"wp-block-stackable-column stk-block-column stk-column stk-block stk-35ea7b1\" data-v=\"4\" data-block-id=\"35ea7b1\"><div class=\"stk-column-wrapper stk-block-column__content stk-container stk-35ea7b1-container stk--no-background stk--no-padding\"><div class=\"stk-block-content stk-inner-blocks stk-35ea7b1-inner-blocks stk--align-last-block-to-bottom\">\n<div class=\"wp-block-stackable-icon-label stk-block-icon-label stk-block stk-2e05b3a\" data-block-id=\"2e05b3a\"><div class=\"stk-row stk-inner-blocks stk-block-content\">\n<div class=\"wp-block-stackable-icon stk-block-icon has-text-align-left stk-block stk-9aa20c8\" data-block-id=\"9aa20c8\"><span class=\"stk--svg-wrapper\"><div class=\"stk--inner-svg\"><svg style=\"height:0;width:0\"><defs><linearGradient id=\"linear-gradient-9aa20c8\" x1=\"0\" x2=\"100%\" y1=\"0\" y2=\"0\"><stop offset=\"0%\" style=\"stop-opacity:1;stop-color:var(--linear-gradient-9-aa-20-c-8-color-1)\"><\/stop><stop offset=\"100%\" style=\"stop-opacity:1;stop-color:var(--linear-gradient-9-aa-20-c-8-color-2)\"><\/stop><\/linearGradient><\/defs><\/svg><svg data-prefix=\"fa\" data-icon=\"star\" class=\"svg-inline--fa fa-star fa-w-18\" xmlns=\"http:\/\/www.w3.org\/2000\/svg\" viewBox=\"0 0 576 512\" aria-hidden=\"true\" width=\"32\" height=\"32\"><path fill=\"currentColor\" d=\"M259.3 17.8L194 150.2 47.9 171.5c-26.2 3.8-36.7 36.1-17.7 54.6l105.7 103-25 145.5c-4.5 26.3 23.2 46 46.4 33.7L288 439.6l130.7 68.7c23.2 12.2 50.9-7.4 46.4-33.7l-25-145.5 105.7-103c19-18.5 8.5-50.8-17.7-54.6L382 150.2 316.7 17.8c-11.7-23.6-45.6-23.9-57.4 0z\"><\/path><\/svg><\/div><\/span><\/div>\n\n\n\n<div class=\"wp-block-stackable-heading stk-block-heading stk-block-heading--v2 stk-block stk-98f55b4\" id=\"title-1-placeholder\" data-block-id=\"98f55b4\"><h4 class=\"stk-block-heading__text\">PASO 1: Formulario de Registro<\/h4><\/div>\n<\/div><\/div>\n\n\n\n<div class=\"wp-block-stackable-text stk-block-text stk-block stk-79f5e26\" data-block-id=\"79f5e26\"><p class=\"stk-block-text__text\">Obtener y llenar el <strong>Formulario ADM 02<\/strong>. Puedes descargarlo desde \u00e9sta p\u00e1gina web oficial del INAC o acudir a las oficinas para solicitarlo.<\/p><\/div>\n\n\n\n<div class=\"wp-block-stackable-icon-label stk-block-icon-label stk-block stk-75b0ba6\" data-block-id=\"75b0ba6\"><div class=\"stk-row stk-inner-blocks stk-block-content\">\n<div class=\"wp-block-stackable-icon stk-block-icon has-text-align-left stk-block stk-22b9173\" data-block-id=\"22b9173\"><span class=\"stk--svg-wrapper\"><div class=\"stk--inner-svg\"><svg style=\"height:0;width:0\"><defs><linearGradient id=\"linear-gradient-22b9173\" x1=\"0\" x2=\"100%\" y1=\"0\" y2=\"0\"><stop offset=\"0%\" style=\"stop-opacity:1;stop-color:var(--linear-gradient-22-b-9173-color-1)\"><\/stop><stop offset=\"100%\" style=\"stop-opacity:1;stop-color:var(--linear-gradient-22-b-9173-color-2)\"><\/stop><\/linearGradient><\/defs><\/svg><svg data-prefix=\"fa\" data-icon=\"star\" class=\"svg-inline--fa fa-star fa-w-18\" xmlns=\"http:\/\/www.w3.org\/2000\/svg\" viewBox=\"0 0 576 512\" aria-hidden=\"true\" width=\"32\" height=\"32\"><path fill=\"currentColor\" d=\"M259.3 17.8L194 150.2 47.9 171.5c-26.2 3.8-36.7 36.1-17.7 54.6l105.7 103-25 145.5c-4.5 26.3 23.2 46 46.4 33.7L288 439.6l130.7 68.7c23.2 12.2 50.9-7.4 46.4-33.7l-25-145.5 105.7-103c19-18.5 8.5-50.8-17.7-54.6L382 150.2 316.7 17.8c-11.7-23.6-45.6-23.9-57.4 0z\"><\/path><\/svg><\/div><\/span><\/div>\n\n\n\n<div class=\"wp-block-stackable-heading stk-block-heading stk-block-heading--v2 stk-block stk-ec46c3d\" id=\"title-1-placeholder\" data-block-id=\"ec46c3d\"><h4 class=\"stk-block-heading__text\">PASO 2: Certificado Psicofisiol\u00f3gico (Examen M\u00e9dico)<\/h4><\/div>\n<\/div><\/div>\n\n\n\n<div class=\"wp-block-stackable-text stk-block-text stk-block stk-756ae82\" data-block-id=\"756ae82\"><p class=\"stk-block-text__text\">Este es el paso m\u00e1s t\u00e9cnico. Sigue este sub-orden (todas las carreras excepto meteorolog\u00eda):<\/p><\/div>\n\n\n\n<div class=\"wp-block-stackable-icon-list stk-block-icon-list stk-block stk-fcf07b0\" data-block-id=\"fcf07b0\"><style>.stk-fcf07b0 .stk-block-icon-list-item__content{align-items:baseline !important;}<\/style><ol class=\"stk-block-icon-list__ol stk-block-icon-list--column\">\n<li class=\"wp-block-stackable-icon-list-item stk-block-icon-list-item stk-block stk-f3746e6\" data-block-id=\"f3746e6\"><div class=\"stk-block-icon-list-item__content\"><span class=\"stk-block-icon-list-item__marker\" aria-hidden=\"true\"><\/span><span class=\"stk-block-icon-list-item__text\">Acude a las oficinas <strong>DGAC<\/strong>.<\/span><\/div><\/li>\n\n\n\n<li class=\"wp-block-stackable-icon-list-item stk-block-icon-list-item stk-block stk-2591ba2\" data-block-id=\"2591ba2\"><div class=\"stk-block-icon-list-item__content\"><span class=\"stk-block-icon-list-item__marker\" aria-hidden=\"true\"><\/span><span class=\"stk-block-icon-list-item__text\">Solicita la boleta para el dep\u00f3sito bancario del tr\u00e1mite m\u00e9dico.<\/span><\/div><\/li>\n\n\n\n<li class=\"wp-block-stackable-icon-list-item stk-block-icon-list-item stk-block stk-7d3a70f\" data-block-id=\"7d3a70f\"><div class=\"stk-block-icon-list-item__content\"><span class=\"stk-block-icon-list-item__marker\" aria-hidden=\"true\"><\/span><span class=\"stk-block-icon-list-item__text\">Realiza el pago en el banco y regresa a las oficinas de la <strong>DGAC <\/strong>con tu comprobante original.<\/span><\/div><\/li>\n\n\n\n<li class=\"wp-block-stackable-icon-list-item stk-block-icon-list-item stk-block stk-53acac6\" data-block-id=\"53acac6\"><div class=\"stk-block-icon-list-item__content\"><span class=\"stk-block-icon-list-item__marker\" aria-hidden=\"true\"><\/span><span class=\"stk-block-icon-list-item__text\">Solicita el formulario oficial para realizar la revisi\u00f3n m\u00e9dica.<\/span><\/div><\/li>\n\n\n\n<li class=\"wp-block-stackable-icon-list-item stk-block-icon-list-item stk-block stk-bef7624\" data-block-id=\"bef7624\"><div class=\"stk-block-icon-list-item__content\"><span class=\"stk-block-icon-list-item__marker\" aria-hidden=\"true\"><\/span><span class=\"stk-block-icon-list-item__text\">Agenda tu cita en cualquiera de los <strong>Centros M\u00e9dicos Aeron\u00e1uticos autorizados (CMA)<\/strong> para obtener tu certificado de <strong>\u00abAPTO\u00bb<\/strong>.<\/span><\/div><\/li>\n<\/ol><\/div>\n\n\n\n<div class=\"wp-block-stackable-icon-label stk-block-icon-label stk-block stk-a2442f4\" data-block-id=\"a2442f4\"><div class=\"stk-row stk-inner-blocks stk-block-content\">\n<div class=\"wp-block-stackable-icon stk-block-icon has-text-align-left stk-block stk-0e2da7f\" data-block-id=\"0e2da7f\"><span class=\"stk--svg-wrapper\"><div class=\"stk--inner-svg\"><svg style=\"height:0;width:0\"><defs><linearGradient id=\"linear-gradient-0e2da7f\" x1=\"0\" x2=\"100%\" y1=\"0\" y2=\"0\"><stop offset=\"0%\" style=\"stop-opacity:1;stop-color:var(--linear-gradient-0-e-2-da-7-f-color-1)\"><\/stop><stop offset=\"100%\" style=\"stop-opacity:1;stop-color:var(--linear-gradient-0-e-2-da-7-f-color-2)\"><\/stop><\/linearGradient><\/defs><\/svg><svg data-prefix=\"fa\" data-icon=\"star\" class=\"svg-inline--fa fa-star fa-w-18\" xmlns=\"http:\/\/www.w3.org\/2000\/svg\" viewBox=\"0 0 576 512\" aria-hidden=\"true\" width=\"32\" height=\"32\"><path fill=\"currentColor\" d=\"M259.3 17.8L194 150.2 47.9 171.5c-26.2 3.8-36.7 36.1-17.7 54.6l105.7 103-25 145.5c-4.5 26.3 23.2 46 46.4 33.7L288 439.6l130.7 68.7c23.2 12.2 50.9-7.4 46.4-33.7l-25-145.5 105.7-103c19-18.5 8.5-50.8-17.7-54.6L382 150.2 316.7 17.8c-11.7-23.6-45.6-23.9-57.4 0z\"><\/path><\/svg><\/div><\/span><\/div>\n\n\n\n<div class=\"wp-block-stackable-heading stk-block-heading stk-block-heading--v2 stk-block stk-c12136e\" id=\"title-1-placeholder\" data-block-id=\"c12136e\"><h4 class=\"stk-block-heading__text\">PASO 3: Documentaci\u00f3n Acad\u00e9mica<\/h4><\/div>\n<\/div><\/div>\n\n\n\n<div class=\"wp-block-stackable-text stk-block-text stk-block stk-119f70e\" data-block-id=\"119f70e\"><p class=\"stk-block-text__text\">Tu folder con nepaco debe contener los siguientes documentos<\/p><\/div>\n\n\n\n<div class=\"wp-block-stackable-icon-list stk-block-icon-list stk-block stk-f6a9cf6\" data-block-id=\"f6a9cf6\"><style>.stk-f6a9cf6 ol{--stk-list-style-type:decimal !important;}.stk-f6a9cf6 .stk-block-icon-list-item__content{align-items:baseline !important;}<\/style><ol class=\"stk-block-icon-list__ol stk-block-icon-list--column\">\n<li class=\"wp-block-stackable-icon-list-item stk-block-icon-list-item stk-block stk-c1321fe\" data-block-id=\"c1321fe\"><div class=\"stk-block-icon-list-item__content\"><span class=\"stk-block-icon-list-item__marker\" aria-hidden=\"true\"><\/span><span class=\"stk-block-icon-list-item__text\"><strong>Fotocopia del T\u00edtulo de Bachiller:<\/strong> (Es indispensable llevar el <strong>original<\/strong> para que el funcionario lo verifique en el momento).<\/span><\/div><\/li>\n\n\n\n<li class=\"wp-block-stackable-icon-list-item stk-block-icon-list-item stk-block stk-6d4a535\" data-block-id=\"6d4a535\"><div class=\"stk-block-icon-list-item__content\"><span class=\"stk-block-icon-list-item__marker\" aria-hidden=\"true\"><\/span><span class=\"stk-block-icon-list-item__text\"><strong>Estudiantes Extranjeros:<\/strong> El T\u00edtulo de Bachiller debe estar debidamente <strong>Homologado<\/strong>.<\/span><\/div><\/li>\n\n\n\n<li class=\"wp-block-stackable-icon-list-item stk-block-icon-list-item stk-block stk-3dcb16e\" data-block-id=\"3dcb16e\"><div class=\"stk-block-icon-list-item__content\"><span class=\"stk-block-icon-list-item__marker\" aria-hidden=\"true\"><\/span><span class=\"stk-block-icon-list-item__text\"><strong>C\u00e9dula de Identidad:<\/strong> Fotocopia legible.<\/span><\/div><\/li>\n\n\n\n<li class=\"wp-block-stackable-icon-list-item stk-block-icon-list-item stk-block stk-4da8969\" data-block-id=\"4da8969\"><div class=\"stk-block-icon-list-item__content\"><span class=\"stk-block-icon-list-item__marker\" aria-hidden=\"true\"><\/span><span class=\"stk-block-icon-list-item__text\"><strong>Fotograf\u00edas:<\/strong> 2 unidades, tama\u00f1o 4&#215;4 con fondo blanco.<\/span><\/div><\/li>\n\n\n\n<li class=\"wp-block-stackable-icon-list-item stk-block-icon-list-item stk-block stk-7114f06\" data-block-id=\"7114f06\"><div class=\"stk-block-icon-list-item__content\"><span class=\"stk-block-icon-list-item__marker\" aria-hidden=\"true\"><\/span><span class=\"stk-block-icon-list-item__text\"><strong>Extranjeros:<\/strong> Fotocopia del carnet de radicatoria o permanencia temporal.<\/span><\/div><\/li>\n<\/ol><\/div>\n\n\n\n<div class=\"wp-block-stackable-icon-label stk-block-icon-label stk-block stk-695a150\" data-block-id=\"695a150\"><div class=\"stk-row stk-inner-blocks stk-block-content\">\n<div class=\"wp-block-stackable-icon stk-block-icon has-text-align-left stk-block stk-cf96dba\" data-block-id=\"cf96dba\"><span class=\"stk--svg-wrapper\"><div class=\"stk--inner-svg\"><svg style=\"height:0;width:0\"><defs><linearGradient id=\"linear-gradient-cf96dba\" x1=\"0\" x2=\"100%\" y1=\"0\" y2=\"0\"><stop offset=\"0%\" style=\"stop-opacity:1;stop-color:var(--linear-gradient-cf-96-dba-color-1)\"><\/stop><stop offset=\"100%\" style=\"stop-opacity:1;stop-color:var(--linear-gradient-cf-96-dba-color-2)\"><\/stop><\/linearGradient><\/defs><\/svg><svg data-prefix=\"fa\" data-icon=\"star\" class=\"svg-inline--fa fa-star fa-w-18\" xmlns=\"http:\/\/www.w3.org\/2000\/svg\" viewBox=\"0 0 576 512\" aria-hidden=\"true\" width=\"32\" height=\"32\"><path fill=\"currentColor\" d=\"M259.3 17.8L194 150.2 47.9 171.5c-26.2 3.8-36.7 36.1-17.7 54.6l105.7 103-25 145.5c-4.5 26.3 23.2 46 46.4 33.7L288 439.6l130.7 68.7c23.2 12.2 50.9-7.4 46.4-33.7l-25-145.5 105.7-103c19-18.5 8.5-50.8-17.7-54.6L382 150.2 316.7 17.8c-11.7-23.6-45.6-23.9-57.4 0z\"><\/path><\/svg><\/div><\/span><\/div>\n\n\n\n<div class=\"wp-block-stackable-heading stk-block-heading stk-block-heading--v2 stk-block stk-b2f69da\" id=\"title-1-placeholder\" data-block-id=\"b2f69da\"><h4 class=\"stk-block-heading__text\">PASO 4: Certificados de Antecedentes<\/h4><\/div>\n<\/div><\/div>\n\n\n\n<div class=\"wp-block-stackable-text stk-block-text stk-block stk-4adbd1d\" data-block-id=\"4adbd1d\"><p class=\"stk-block-text__text\">Debes tramitar y adjuntar a tu folder, los documentos originales de:<\/p><\/div>\n\n\n\n<div class=\"wp-block-stackable-icon-list stk-block-icon-list stk-block stk-2f35fb8\" data-block-id=\"2f35fb8\"><style>.stk-2f35fb8 .stk-block-icon-list-item__content{align-items:baseline !important;}<\/style><ol class=\"stk-block-icon-list__ol stk-block-icon-list--column\">\n<li class=\"wp-block-stackable-icon-list-item stk-block-icon-list-item stk-block stk-b214bd5\" data-block-id=\"b214bd5\"><div class=\"stk-block-icon-list-item__content\"><span class=\"stk-block-icon-list-item__marker\" aria-hidden=\"true\"><\/span><span class=\"stk-block-icon-list-item__text\"><strong>FELCC:<\/strong> Fuerza Especial de Lucha Contra el Crimen.<\/span><\/div><\/li>\n\n\n\n<li class=\"wp-block-stackable-icon-list-item stk-block-icon-list-item stk-block stk-cea318c\" data-block-id=\"cea318c\"><div class=\"stk-block-icon-list-item__content\"><span class=\"stk-block-icon-list-item__marker\" aria-hidden=\"true\"><\/span><span class=\"stk-block-icon-list-item__text\"><strong>FELCN:<\/strong> Fuerza Especial de Lucha Contra el Narcotr\u00e1fico.<\/span><\/div><\/li>\n<\/ol><\/div>\n\n\n\n<div class=\"wp-block-stackable-icon-label stk-block-icon-label stk-block stk-fef0f22\" data-block-id=\"fef0f22\"><div class=\"stk-row stk-inner-blocks stk-block-content\">\n<div class=\"wp-block-stackable-icon stk-block-icon has-text-align-left stk-block stk-45cb594\" data-block-id=\"45cb594\"><span class=\"stk--svg-wrapper\"><div class=\"stk--inner-svg\"><svg style=\"height:0;width:0\"><defs><linearGradient id=\"linear-gradient-45cb594\" x1=\"0\" x2=\"100%\" y1=\"0\" y2=\"0\"><stop offset=\"0%\" style=\"stop-opacity:1;stop-color:var(--linear-gradient-45-cb-594-color-1)\"><\/stop><stop offset=\"100%\" style=\"stop-opacity:1;stop-color:var(--linear-gradient-45-cb-594-color-2)\"><\/stop><\/linearGradient><\/defs><\/svg><svg data-prefix=\"fa\" data-icon=\"star\" class=\"svg-inline--fa fa-star fa-w-18\" xmlns=\"http:\/\/www.w3.org\/2000\/svg\" viewBox=\"0 0 576 512\" aria-hidden=\"true\" width=\"32\" height=\"32\"><path fill=\"currentColor\" d=\"M259.3 17.8L194 150.2 47.9 171.5c-26.2 3.8-36.7 36.1-17.7 54.6l105.7 103-25 145.5c-4.5 26.3 23.2 46 46.4 33.7L288 439.6l130.7 68.7c23.2 12.2 50.9-7.4 46.4-33.7l-25-145.5 105.7-103c19-18.5 8.5-50.8-17.7-54.6L382 150.2 316.7 17.8c-11.7-23.6-45.6-23.9-57.4 0z\"><\/path><\/svg><\/div><\/span><\/div>\n\n\n\n<div class=\"wp-block-stackable-heading stk-block-heading stk-block-heading--v2 stk-block stk-a16fe93\" id=\"title-1-placeholder\" data-block-id=\"a16fe93\"><h4 class=\"stk-block-heading__text\">PASO 5: Informaci\u00f3n del Garante y Estudiante<\/h4><\/div>\n<\/div><\/div>\n\n\n\n<div class=\"wp-block-stackable-text stk-block-text stk-block stk-eb5dc29\" data-block-id=\"eb5dc29\"><p class=\"stk-block-text__text\">Para finalizar el expediente, debes presentar los datos de tu padre, madre, tutor o garante, adem\u00e1s de los tuyos:<\/p><\/div>\n\n\n\n<div class=\"wp-block-stackable-icon-list stk-block-icon-list stk-block stk-45fb5ad\" data-block-id=\"45fb5ad\"><style>.stk-45fb5ad ol{--stk-list-style-type:decimal !important;}.stk-45fb5ad .stk-block-icon-list-item__content{align-items:baseline !important;}<\/style><ol class=\"stk-block-icon-list__ol stk-block-icon-list--column\">\n<li class=\"wp-block-stackable-icon-list-item stk-block-icon-list-item stk-block stk-df1f75b\" data-block-id=\"df1f75b\"><div class=\"stk-block-icon-list-item__content\"><span class=\"stk-block-icon-list-item__marker\" aria-hidden=\"true\"><\/span><span class=\"stk-block-icon-list-item__text\"><strong>Croquis: <\/strong>Dibujo detallado del domicilio permanente del estudiante y garante (en caso de que el garante tenga un domicilio distinto se debe presentar los 2 croquis)<\/span><\/div><\/li>\n\n\n\n<li class=\"wp-block-stackable-icon-list-item stk-block-icon-list-item stk-block stk-ed4c330\" data-block-id=\"ed4c330\"><div class=\"stk-block-icon-list-item__content\"><span class=\"stk-block-icon-list-item__marker\" aria-hidden=\"true\"><\/span><span class=\"stk-block-icon-list-item__text\"><strong>Factura de Servicios: <\/strong>Fotocopia de papeleta de luz o agua del domicilio actual.<\/span><\/div><\/li>\n\n\n\n<li class=\"wp-block-stackable-icon-list-item stk-block-icon-list-item stk-block stk-aa0c807\" data-block-id=\"aa0c807\"><div class=\"stk-block-icon-list-item__content\"><span class=\"stk-block-icon-list-item__marker\" aria-hidden=\"true\"><\/span><span class=\"stk-block-icon-list-item__text\"><strong>C\u00e9dula de Identidad: <\/strong>Fotocopias de los documentos del estudiante y del tutor\/garante..<\/span><\/div><\/li>\n<\/ol><\/div>\n<\/div><\/div><\/div>\n<\/div><\/div>\n\n\n\n<div data-wp-interactive=\"core\/file\" class=\"wp-block-file\"><object data-wp-bind--hidden=\"!state.hasPdfPreview\" hidden class=\"wp-block-file__embed\" data=\"https:\/\/inac.edu.bo\/wordpress\/wp-content\/uploads\/2026\/02\/ADM-02_FORMULARIO-DE-INSCRIPCION-CURSO-REGULAR.pdf\" type=\"application\/pdf\" style=\"width:100%;height:600px\" aria-label=\"Incrustado de ADM 02_FORMULARIO DE INSCRIPCI\u00d3N CURSO REGULAR.\"><\/object><a id=\"wp-block-file--media-20c556d5-d411-4f21-885b-58cc4d3a778a\" href=\"https:\/\/inac.edu.bo\/wordpress\/wp-content\/uploads\/2026\/02\/ADM-02_FORMULARIO-DE-INSCRIPCION-CURSO-REGULAR.pdf\">ADM 02_FORMULARIO DE INSCRIPCI\u00d3N CURSO REGULAR<\/a><a href=\"https:\/\/inac.edu.bo\/wordpress\/wp-content\/uploads\/2026\/02\/ADM-02_FORMULARIO-DE-INSCRIPCION-CURSO-REGULAR.pdf\" class=\"wp-block-file__button wp-element-button\" download aria-describedby=\"wp-block-file--media-20c556d5-d411-4f21-885b-58cc4d3a778a\">Descarga<\/a><\/div>\n","protected":false},"excerpt":{"rendered":"<p>Gu\u00eda de Ingreso INAC 2026 CARRERAS Y CURSOS PASO 1: Formulario de Registro Obtener y llenar el Formulario ADM 02. Puedes descargarlo desde \u00e9sta p\u00e1gina web oficial del INAC o acudir a las oficinas para solicitarlo. PASO 2: Certificado Psicofisiol\u00f3gico (Examen M\u00e9dico) Este es el paso m\u00e1s t\u00e9cnico. Sigue este sub-orden (todas las carreras excepto [&hellip;]<\/p>\n","protected":false},"author":1,"featured_media":0,"parent":0,"menu_order":0,"comment_status":"closed","ping_status":"closed","template":"","meta":{"footnotes":""},"class_list":["post-1738","page","type-page","status-publish","hentry"],"blocksy_meta":{"has_hero_section":"disabled","styles_descriptor":{"styles":{"desktop":"","tablet":"","mobile":""},"google_fonts":[],"version":6}},"_links":{"self":[{"href":"https:\/\/inac.edu.bo\/wordpress\/index.php\/wp-json\/wp\/v2\/pages\/1738","targetHints":{"allow":["GET"]}}],"collection":[{"href":"https:\/\/inac.edu.bo\/wordpress\/index.php\/wp-json\/wp\/v2\/pages"}],"about":[{"href":"https:\/\/inac.edu.bo\/wordpress\/index.php\/wp-json\/wp\/v2\/types\/page"}],"author":[{"embeddable":true,"href":"https:\/\/inac.edu.bo\/wordpress\/index.php\/wp-json\/wp\/v2\/users\/1"}],"replies":[{"embeddable":true,"href":"https:\/\/inac.edu.bo\/wordpress\/index.php\/wp-json\/wp\/v2\/comments?post=1738"}],"version-history":[{"count":13,"href":"https:\/\/inac.edu.bo\/wordpress\/index.php\/wp-json\/wp\/v2\/pages\/1738\/revisions"}],"predecessor-version":[{"id":1788,"href":"https:\/\/inac.edu.bo\/wordpress\/index.php\/wp-json\/wp\/v2\/pages\/1738\/revisions\/1788"}],"wp:attachment":[{"href":"https:\/\/inac.edu.bo\/wordpress\/index.php\/wp-json\/wp\/v2\/media?parent=1738"}],"curies":[{"name":"wp","href":"https:\/\/api.w.org\/{rel}","templated":true}]}}