{"id":1914,"date":"2026-04-16T14:28:50","date_gmt":"2026-04-16T18:28:50","guid":{"rendered":"https:\/\/inac.edu.bo\/wordpress\/?page_id=1914"},"modified":"2026-04-16T14:28:50","modified_gmt":"2026-04-16T18:28:50","slug":"qa-sms","status":"publish","type":"page","link":"https:\/\/inac.edu.bo\/wordpress\/index.php\/qa-sms\/","title":{"rendered":"QA &amp; SMS"},"content":{"rendered":"\n<div class=\"wp-block-stackable-columns stk-block-columns stk-block stk-cdd74d2\" data-block-id=\"cdd74d2\"><div class=\"stk-row stk-inner-blocks stk-block-content stk-content-align stk-cdd74d2-column\">\n<div class=\"wp-block-stackable-column stk-block-column stk-column stk-block stk-8c89215\" data-v=\"4\" data-block-id=\"8c89215\"><div class=\"stk-column-wrapper stk-block-column__content stk-container stk-8c89215-container stk--no-background stk--no-padding\"><div class=\"stk-block-content stk-inner-blocks stk-8c89215-inner-blocks\"><div class=\"forminator-ui forminator-custom-form forminator-custom-form-1913 forminator-design--flat  forminator_ajax\" data-forminator-render=\"0\" data-form=\"forminator-module-1913\" data-uid=\"69e15e0914c61\"><br\/><\/div><form\n\t\t\t\tid=\"forminator-module-1913\"\n\t\t\t\tclass=\"forminator-ui forminator-custom-form forminator-custom-form-1913 forminator-design--flat  forminator_ajax\"\n\t\t\t\tmethod=\"post\"\n\t\t\t\tdata-forminator-render=\"0\"\n\t\t\t\tdata-form-id=\"1913\"\n\t\t\t\t data-color-option=\"default\" data-design=\"flat\" data-grid=\"open\" style=\"display: none;\"\n\t\t\t\tdata-uid=\"69e15e0914c61\"\n\t\t\t><div role=\"alert\" aria-live=\"polite\" class=\"forminator-response-message forminator-error\" aria-hidden=\"true\"><\/div><div class=\"forminator-row\"><div id=\"section-1\" class=\"forminator-field-section forminator-col forminator-col-12 \"><div class=\"forminator-field\"><h2 class=\"forminator-title\">CALIDAD &amp; SMS<\/h2><h3 class=\"forminator-subtitle\">Los datos contenidos en este formulario son tratados confidencialmente.<\/h3><hr class=\"forminator-border\" style=\"border: 1px dashed #097baa;\" \/><\/div><\/div><\/div><div class=\"forminator-row\"><div id=\"radio-1\" class=\"forminator-field-radio forminator-col forminator-col-12 \"><div role=\"radiogroup\" class=\"forminator-field\" aria-labelledby=\"forminator-radiogroup-radio-1-69e15e0914c61-label\" aria-describedby=\"forminator-radiogroup-radio-1-69e15e0914c61-description\"><span id=\"forminator-radiogroup-radio-1-69e15e0914c61-label\" class=\"forminator-label\">\u00bfQu\u00e9 deseas comunicar?<\/span><span id=\"forminator-radiogroup-radio-1-69e15e0914c61-description\" class=\"forminator-description\">CALIDAD \u2013 Queremos brindarte la mejor experiencia de aprendizaje. Tus observaciones y sugerencias nos permiten crecer y mejorar continuamente. <br>SMS \u2013 La seguridad es nuestra prioridad. Identifica y reporta cualquier peligro para que juntos mantengamos operaciones de vuelo seguras.<\/span><label id=\"forminator-field-radio-1-label-1\" for=\"forminator-field-radio-1-1-69e15e0914c61\" class=\"forminator-radio\" title=\"Reporte de Ocurrencias - SMS\"><input type=\"radio\" name=\"radio-1\" value=\"one\" id=\"forminator-field-radio-1-1-69e15e0914c61\" aria-labelledby=\"forminator-field-radio-1-label-1\" data-calculation=\"0\"   data-hidden-behavior=\"zero\" aria-describedby=\"forminator-field-radio-1-69e15e0914c61-description\"\/><span class=\"forminator-radio-bullet\" aria-hidden=\"true\"><\/span><span class=\"forminator-radio-label\">Reporte de Ocurrencias - SMS<\/span><\/label><label id=\"forminator-field-radio-1-label-2\" for=\"forminator-field-radio-1-2-69e15e0914c61\" class=\"forminator-radio\" title=\"Sugerencia o Reclamo\"><input type=\"radio\" name=\"radio-1\" value=\"two\" id=\"forminator-field-radio-1-2-69e15e0914c61\" aria-labelledby=\"forminator-field-radio-1-label-2\" data-calculation=\"0\"   data-hidden-behavior=\"zero\" aria-describedby=\"forminator-field-radio-1-69e15e0914c61-description\"\/><span class=\"forminator-radio-bullet\" aria-hidden=\"true\"><\/span><span class=\"forminator-radio-label\">Sugerencia o Reclamo<\/span><\/label><\/div><\/div><\/div><div class=\"forminator-row\"><div id=\"textarea-1\" class=\"forminator-field-textarea forminator-col forminator-col-12 \"><div class=\"forminator-field\"><label for=\"forminator-field-textarea-1_69e15e0914c61\" id=\"forminator-field-textarea-1_69e15e0914c61-label\" class=\"forminator-label\">Escr\u00edbenos aqu\u00ed (Cuanto m\u00e1s detallado, mejor)<\/label><textarea name=\"textarea-1\" placeholder=\"\" id=\"forminator-field-textarea-1_69e15e0914c61\" class=\"forminator-textarea\" rows=\"6\" style=\"min-height:140px;\" ><\/textarea><\/div><\/div><\/div><input type=\"hidden\" name=\"referer_url\" value=\"\" \/><div class=\"forminator-row forminator-row-last\"><div class=\"forminator-col\"><div class=\"forminator-field\"><button class=\"forminator-button forminator-button-submit\">Enviar<\/button><\/div><\/div><\/div><input type=\"hidden\" id=\"forminator_nonce\" name=\"forminator_nonce\" value=\"59335efcdf\" \/><input type=\"hidden\" name=\"_wp_http_referer\" value=\"\/wordpress\/index.php\/wp-json\/wp\/v2\/pages\/1914\" \/><input type=\"hidden\" name=\"form_id\" value=\"1913\"><input type=\"hidden\" name=\"page_id\" value=\"1914\"><input type=\"hidden\" name=\"form_type\" value=\"default\"><input type=\"hidden\" name=\"current_url\" value=\"https:\/\/inac.edu.bo\/wordpress\/index.php\/qa-sms\/\"><input type=\"hidden\" name=\"render_id\" value=\"0\"><input type=\"hidden\" name=\"action\" value=\"forminator_submit_form_custom-forms\"><\/form>\n<\/div><\/div><\/div>\n<\/div><\/div>\n","protected":false},"excerpt":{"rendered":"","protected":false},"author":1,"featured_media":0,"parent":0,"menu_order":0,"comment_status":"closed","ping_status":"closed","template":"","meta":{"footnotes":""},"class_list":["post-1914","page","type-page","status-publish","hentry"],"blocksy_meta":{"has_hero_section":"disabled","styles_descriptor":{"styles":{"desktop":"","tablet":"","mobile":""},"google_fonts":[],"version":6}},"_links":{"self":[{"href":"https:\/\/inac.edu.bo\/wordpress\/index.php\/wp-json\/wp\/v2\/pages\/1914","targetHints":{"allow":["GET"]}}],"collection":[{"href":"https:\/\/inac.edu.bo\/wordpress\/index.php\/wp-json\/wp\/v2\/pages"}],"about":[{"href":"https:\/\/inac.edu.bo\/wordpress\/index.php\/wp-json\/wp\/v2\/types\/page"}],"author":[{"embeddable":true,"href":"https:\/\/inac.edu.bo\/wordpress\/index.php\/wp-json\/wp\/v2\/users\/1"}],"replies":[{"embeddable":true,"href":"https:\/\/inac.edu.bo\/wordpress\/index.php\/wp-json\/wp\/v2\/comments?post=1914"}],"version-history":[{"count":3,"href":"https:\/\/inac.edu.bo\/wordpress\/index.php\/wp-json\/wp\/v2\/pages\/1914\/revisions"}],"predecessor-version":[{"id":1917,"href":"https:\/\/inac.edu.bo\/wordpress\/index.php\/wp-json\/wp\/v2\/pages\/1914\/revisions\/1917"}],"wp:attachment":[{"href":"https:\/\/inac.edu.bo\/wordpress\/index.php\/wp-json\/wp\/v2\/media?parent=1914"}],"curies":[{"name":"wp","href":"https:\/\/api.w.org\/{rel}","templated":true}]}}